{"id":411,"date":"2017-05-30T18:51:47","date_gmt":"2017-05-30T16:51:47","guid":{"rendered":"http:\/\/www.hausmaninger-kletter.com\/publications\/"},"modified":"2017-07-04T14:33:01","modified_gmt":"2017-07-04T12:33:01","slug":"publications","status":"publish","type":"page","link":"https:\/\/www.hausmaninger-kletter.com\/en\/publications\/","title":{"rendered":"Publications"},"content":{"rendered":"<div id='layer_slider_1'  class='avia-layerslider main_color avia-shadow  avia-builder-el-0  el_before_av_one_fifth  avia-builder-el-first  container_wrap fullsize'  style='height: 381px;'  ><\/div><div id='after_layer_slider_1'  class='main_color av_default_container_wrap container_wrap fullsize'  ><div class='container av-section-cont-open' ><div class='template-page content  av-content-full alpha units'><div class='post-entry post-entry-type-page post-entry-411'><div class='entry-content-wrapper clearfix'>\n\n<style type=\"text\/css\" data-created_by=\"avia_inline_auto\" id=\"style-css-av-av_one_fifth-b18ec1635791c30194c2fc90ea77ba9c\">\n.flex_column.av-av_one_fifth-b18ec1635791c30194c2fc90ea77ba9c{\n-webkit-border-radius:0px 0px 0px 0px;\n-moz-border-radius:0px 0px 0px 0px;\nborder-radius:0px 0px 0px 0px;\npadding:0px 0px 0px 0px;\n}\n<\/style>\n<div  class='flex_column av-av_one_fifth-b18ec1635791c30194c2fc90ea77ba9c av_one_fifth  avia-builder-el-1  el_after_av_layerslider  el_before_av_four_fifth  avia-builder-el-first  first flex_column_div av-zero-column-padding  '     ><style type=\"text\/css\" data-created_by=\"avia_inline_auto\" id=\"style-css-av-av_font_icon-dd4a8b48e5e90440588f5451964350fa\">\n.av_font_icon.av-av_font_icon-dd4a8b48e5e90440588f5451964350fa .av-icon-char{\nfont-size:40px;\nline-height:40px;\nwidth:40px;\n}\n<\/style>\n<span  class='av_font_icon av-av_font_icon-dd4a8b48e5e90440588f5451964350fa avia_animate_when_visible av-icon-style-border avia-icon-pos-right av-no-color avia-icon-animate'><span class='av-icon-char' aria-hidden='true' data-av_icon='\ue84e' data-av_iconfont='entypo-fontello' ><\/span><\/span><\/div>\n\n<style type=\"text\/css\" data-created_by=\"avia_inline_auto\" id=\"style-css-av-av_four_fifth-0aa7055fe62c3622faec82866afbaeb2\">\n.flex_column.av-av_four_fifth-0aa7055fe62c3622faec82866afbaeb2{\n-webkit-border-radius:0px 0px 0px 0px;\n-moz-border-radius:0px 0px 0px 0px;\nborder-radius:0px 0px 0px 0px;\npadding:0px 0px 0px 0px;\n}\n<\/style>\n<div  class='flex_column av-av_four_fifth-0aa7055fe62c3622faec82866afbaeb2 av_four_fifth  avia-builder-el-3  el_after_av_one_fifth  avia-builder-el-last  flex_column_div av-zero-column-padding  '     ><section  class='av_textblock_section av-av_textblock-0366cc7376be6c9e82a3e9cc8987b64f '   itemscope=\"itemscope\" itemtype=\"https:\/\/schema.org\/CreativeWork\" ><div class='avia_textblock'  itemprop=\"text\" ><div class=\"main\">\n<section>\n<h1>Publications<\/h1>\n<p>Our lawyers are recognized as specialists in the field of practice they are supervised and are regularly active as specialists.<\/p>\n<\/section>\n<\/div>\n<\/div><\/section><br \/>\n\n<style type=\"text\/css\" data-created_by=\"avia_inline_auto\" id=\"style-css-av-av_heading-d5ab81741af98a19038c166d5b6f220f\">\n#top .av-special-heading.av-av_heading-d5ab81741af98a19038c166d5b6f220f{\npadding-bottom:10px;\n}\nbody .av-special-heading.av-av_heading-d5ab81741af98a19038c166d5b6f220f .av-special-heading-tag .heading-char{\nfont-size:25px;\n}\n.av-special-heading.av-av_heading-d5ab81741af98a19038c166d5b6f220f .av-subheading{\nfont-size:15px;\n}\n<\/style>\n<div  class='av-special-heading av-av_heading-d5ab81741af98a19038c166d5b6f220f av-special-heading-h3  avia-builder-el-5  el_after_av_textblock  el_before_av_textblock '><h3 class='av-special-heading-tag'  itemprop=\"headline\"  >Corporate Law and M&amp;A<\/h3><div class=\"special-heading-border\"><div class=\"special-heading-inner-border\"><\/div><\/div><\/div><br \/>\n<section  class='av_textblock_section av-av_textblock-0366cc7376be6c9e82a3e9cc8987b64f '   itemscope=\"itemscope\" itemtype=\"https:\/\/schema.org\/CreativeWork\" ><div class='avia_textblock'  itemprop=\"text\" ><div class=\"main\" style=\"text-align: left;\"><em>Hausmaninger<\/em>, Handbuch zur Aktiengesellschaft (ed.) [<em>Handbook on the Stock Corporation<\/em>] (together with <em>M. Gratzl<\/em> and <em>G. Justich<\/em>), (2017), 2<sup>nd <\/sup>ed.,<\/div>\n<div class=\"main\" style=\"text-align: left;\"><\/div>\n<div class=\"main\" style=\"text-align: left;\"><em>Kletter in Hausmaninger\/Petsche\/Vartian<\/em><\/div>\n<div class=\"main\" style=\"text-align: left;\">Wiener Vertragshandbuch, Unternehmenskaufvertrag (Asset Deal), Bd 1 Wirtschaftsrecht 2. Auflage (2011) 63ff<\/div>\n<div class=\"main\" style=\"text-align: left;\"><\/div>\n<div class=\"main\" style=\"text-align: left;\">\n<div class=\"main\" style=\"text-align: left;\">\n<p><em>Kletter in Hausmaninger\/Petsche\/Vartian<\/em><br \/>\nWiener Vertragshandbuch, Unternehmenskaufvertrag (Asset Deal), Bd 1 Wirtschaftsrecht 2. Auflage (2011) 63ff<\/p>\n<p><em>Kletter in Hausmaninger\/Petsche\/Vartian<\/em><br \/>\nWiener Vertragshandbuch, Unternehmenskaufvertrag (Asset Deal), Bd 1 Wirtschaftsrecht (2006) 65ff<\/p>\n<p><em>Kletter in Hausmaninger\/Petsche\/Vartian<\/em><br \/>\nWiener Vertragshandbuch, Anteilskaufvertrag (Share Deal), Bd 1 Wirtschaftsrecht (2006) 102ff<\/p>\n<p><em>Hausmaninger\/Kletter\/Burger<\/em>, Corporate Governance (2003)<\/p>\n<p><em>Hausmaninger\/Herbst<\/em>, Kommentar zum \u00f6sterreichischen \u00dcbernahmegesetz (1999)<\/p>\n<p><em>Hausmaninger<\/em>, Europ\u00e4ische Wirtschaftliche Interessenvereinigung (EWIV), (mit P. Feyl) (1995)<\/p>\n<\/div>\n<\/div>\n<\/div><\/section><br \/>\n\n<style type=\"text\/css\" data-created_by=\"avia_inline_auto\" id=\"style-css-av-av_heading-ae74878aa006e7f504a4e84499ce5157\">\n#top .av-special-heading.av-av_heading-ae74878aa006e7f504a4e84499ce5157{\npadding-bottom:10px;\n}\nbody .av-special-heading.av-av_heading-ae74878aa006e7f504a4e84499ce5157 .av-special-heading-tag .heading-char{\nfont-size:25px;\n}\n.av-special-heading.av-av_heading-ae74878aa006e7f504a4e84499ce5157 .av-subheading{\nfont-size:15px;\n}\n<\/style>\n<div  class='av-special-heading av-av_heading-ae74878aa006e7f504a4e84499ce5157 av-special-heading-h3  avia-builder-el-7  el_after_av_textblock  el_before_av_textblock '><h3 class='av-special-heading-tag'  itemprop=\"headline\"  >Banking and Stock Exchange Law<\/h3><div class=\"special-heading-border\"><div class=\"special-heading-inner-border\"><\/div><\/div><\/div><br \/>\n<section  class='av_textblock_section av-av_textblock-0366cc7376be6c9e82a3e9cc8987b64f '   itemscope=\"itemscope\" itemtype=\"https:\/\/schema.org\/CreativeWork\" ><div class='avia_textblock'  itemprop=\"text\" ><div class=\"main\" style=\"text-align: left;\">\n<div class=\"main\" style=\"text-align: left;\">\n<p><em>Ketzer\/Pauer<\/em>, Die wesentlichen Neuerungen der geplanten Verordnung und Richtlinie der Kommission zu Insiderhandel und Marktmanipulation: mit Anmerkungen aus rechtsstaatlicher Perspektive, \u00d6BA (2014)\u00a0162ff<\/p>\n<p><em>Ketzer<\/em>, Anmerkung zum VwGH-Erkenntnis\u00a02013\/17\/0199 vom 29.11.2013 (rechtswidriger Entzug einer Bankkonzession), \u00d6BA (2014)\u00a0134<\/p>\n<p><em>Ketzer<\/em>, Anmerkung zum EuGH-Urteil C 19\/11 vom 28.6.2012 (Daimler .\/. Geltl), \u00d6BA (2012)\u00a0714<\/p>\n<p><em>Hausmaninger\/Ketzer<\/em> in Hausmaninger\/Petsche\/Vartian, Wiener Vertragshandbuch, Bankrecht, Bd 1 Wirtschaftsrecht 2. Auflage (2011) 527ff<\/p>\n<p><em>Ketzer<\/em>, Die Emittenten-Compliance-Verordnung 2007, in Lucius\/Oppitz\/Pachinger (Hrsg), Compliance im Finanzdienstleistungsbereich (2010)<\/p>\n<p><em>Ketzer<\/em>, Wohlverhaltensregeln bei der Zuteilung von Aktien, in Kalss\/Lucius, Handbuch Kapitalmarktrecht II (2006)<\/p>\n<p><em>Hausmaninger\/Ketzer<\/em>, Insidergesch\u00e4fte und Compliance in der Investmentfondsbranche, in Kammel\/Zibuschka, Perspektiven des \u00f6sterreichischen Investmentfondswesens (2006)<\/p>\n<p><em>Hausmaninger<\/em> in Hausmaninger\/Petsche\/Vartian, Wiener Vertragshandbuch, Bankrecht, Bd 1 Wirtschaftsrecht\u00a0(2006) 491ff<\/p>\n<p><em>Hausmaninger<\/em>, Insiderhandel und Informationspflichten [<em>Insider trading and Disclosure Obligations<\/em>] in <em>Kronke\/Melis\/Schnyder<\/em>, Handbuch des internationalen Wirtschaftsrecht (2005).<\/p>\n<p><em>Leitner<\/em>, Durch die R\u00fcckfragen beim Auftraggeber erf\u00e4hrt die Frist des Art 13 ERA 500 keine Verl\u00e4ngerung (2004) 392<\/p>\n<p><em>Hausmaninger<\/em>, Entkriminalisierung des Insiderrechts [<em>decriminalisation of insider trading<\/em>], \u00d6BA 2003, 637-638.<\/p>\n<p><em>Hausmaninger\/Kletter\/Burger<\/em>, Corporate Governance (2003)<\/p>\n<p><em>Ketzer<\/em>, Mitarbeit am White Paper der Austrian Private Equity and Venture Capital Organisation (AVCO) (2002)<\/p>\n<p><em>Hausmaninger<\/em>, The Austrian Banking Act, 5. Auflage (2002)<\/p>\n<p><em>Hausmaninger<\/em>, BWG-Textausgabe mit Anmerkungen, 3. Auflage (2002)<\/p>\n<p><em>Hausmaninger\/Ketzer<\/em>, Die neue Emittenten-Compliance-Verordnung, \u00d6BA (2002) 215<\/p>\n<p><em>Hausmaninger\/Splechtna<\/em>, Marktschutzvereinbarungen\u00a0&#8211; Ausgestaltung und Rechtsfolgen, \u00d6BA (2002) 37<\/p>\n<p><em>Hausmaninger<\/em>, Zuteilungsfragen bei Erstemissionen, Beitrag f\u00fcr FS Hans-Georg Koppensteiner (2001), 43-60<\/p>\n<p><em>Hausmaninger<\/em>, Gesch\u00e4ftsanbahnung durch Wertpapierdienstleister, \u00d6BA (2000) 318<\/p>\n<p><em>Hausmaninger<\/em>, Gesch\u00e4ftsanbahnung bei Finanzdienstleistungen (gemeinsam mit Th. Rabl), ecolex (1999) 769<\/p>\n<p><em>Hausmaninger<\/em>, Zweite gro\u00dfe WAG-Novelle:\u00a0Klarstellungen, Erleichterungen und Anlegerentsch\u00e4digung, ecolex (1999) 386<\/p>\n<p><em>Hausmaninger<\/em>, Fesco plant &#8220;Standards f\u00fcr geregelte M\u00e4rkte&#8221;, \u00d6BA (1999) 746<\/p>\n<p><em>Hausmaninger<\/em>, The Austrian Banking Act, 4. Auflage (1999)<\/p>\n<p><em>Hausmaninger<\/em>, BWG-Textausgabe mit Anmerkungen, 2. Auflage (1999)<\/p>\n<p><em>Hausmaninger\/Herbst<\/em>, Kommentar zum \u00f6sterreichischen \u00dcbernahmegesetz (1999)<\/p>\n<p><em>Hausmaninger<\/em>, Kommentar zum Wertpapieraufsichtsgesetz (mit G. Fr\u00f6lichsthal, P. Knobl, M. Oppitz und W. Zeipelt) (1998)<\/p>\n<p><em>Hausmaninger\/Herbst<\/em>, \u00dcberlegungen zum Entwurf eines \u00f6sterreichischen \u00dcbernahmegesetzes im Hinblick auf den Vorschlag f\u00fcr eine EG-\u00dcbernahmerichtlinie, in Aicher\/Kalss\/Oppitz, (Hrsg), Grundfragen des neuen B\u00f6rserechts (1998), 375<\/p>\n<p><em>Hausmaninger<\/em>, Die Aufsichtsziele der Bundes-Wertpapieraufsicht und ihre Durchsetzung in der Praxis, in Aicher\/Kalss\/Oppitz, (Hrsg), Grundfragen des neuen B\u00f6rserechts (1998) 87<\/p>\n<p><em>Hausmaninger<\/em>, Insider Trading &#8211; Eine systemvergleichende Untersuchung amerikanischer, europ\u00e4ischer und \u00f6sterreichischer Regelungen (1997)<\/p>\n<p><em>Hausmaninger\/Herbst<\/em>, \u00dcberlegungen zum Entwurf eines \u00dcbernahmegesetzes, \u00d6BA (1997) 911<\/p>\n<p><em>Hausmaninger<\/em>, Die \u00f6ffentliche \u00dcbernahme im US-amerikanischen Recht, in Doralt\/Nowotny\/Schauer (Hrsg), Takeover-Recht (1997) 177<\/p>\n<p><em>Hausmaninger<\/em>, Die neue Wertpapieraufsicht &#8211; Ein Meilenstein des \u00f6sterreichischen Kapitalmarktrechts? (mit M. Oppitz), ecolex (1997) 298<\/p>\n<p><em>Hausmaninger<\/em>, Einschr\u00e4nkung der Anonymit\u00e4t im Einlagen- und Wertpapierbereich &#8211; Chancen und Rechtsfolgen einer Verurteilung \u00d6sterreichs durch den EuGH, WBl (1996) 224<\/p>\n<p><em>Hausmaninger<\/em>, Der Anpassungsbedarf durch die europarechtliche Regelung des Insidergesch\u00e4fts, in Koppensteiner (Hrsg), \u00d6sterreichisches und europ\u00e4isches Wirtschaftsprivatrecht &#8211; Teil 2:\u00a0Kapitalmarktrecht (1996)<\/p>\n<p><em>Hausmaninger<\/em>, Insiderrecht und Compliance &#8211; Ein Leitfaden f\u00fcr die Praxis (mit M. Oppitz und W. Kretschmer) (1995)<\/p>\n<p><em>Hausmaninger<\/em>, New Austrian Insider Dealing Regulations, 4 European Corporate Lawyer 26 (1994)<\/p>\n<p><em>Hausmaninger<\/em>, Organisatorische Ma\u00dfnahmen zur Verhinderung mi\u00dfbr\u00e4uchlicher Verwendung oder Weitergabe von Insiderinformation nach der B\u00f6rseGNov 1993, \u00d6BA (1993) 847<\/p>\n<\/div>\n<\/div>\n<\/div><\/section><br \/>\n\n<style type=\"text\/css\" data-created_by=\"avia_inline_auto\" id=\"style-css-av-av_heading-111f31a2bca1e22402cd559ae82e9c14\">\n#top .av-special-heading.av-av_heading-111f31a2bca1e22402cd559ae82e9c14{\npadding-bottom:10px;\n}\nbody .av-special-heading.av-av_heading-111f31a2bca1e22402cd559ae82e9c14 .av-special-heading-tag .heading-char{\nfont-size:25px;\n}\n.av-special-heading.av-av_heading-111f31a2bca1e22402cd559ae82e9c14 .av-subheading{\nfont-size:15px;\n}\n<\/style>\n<div  class='av-special-heading av-av_heading-111f31a2bca1e22402cd559ae82e9c14 av-special-heading-h3  avia-builder-el-9  el_after_av_textblock  el_before_av_textblock '><h3 class='av-special-heading-tag'  itemprop=\"headline\"  >European Community Law<\/h3><div class=\"special-heading-border\"><div class=\"special-heading-inner-border\"><\/div><\/div><\/div><br \/>\n<section  class='av_textblock_section av-av_textblock-0366cc7376be6c9e82a3e9cc8987b64f '   itemscope=\"itemscope\" itemtype=\"https:\/\/schema.org\/CreativeWork\" ><div class='avia_textblock'  itemprop=\"text\" ><div class=\"main\" style=\"text-align: left;\">\n<div class=\"main\" style=\"text-align: left;\">\n<p><em>Kletter<\/em>, Die Finanzierung des ORF mittels Programmentgelten, MuR 4\/2001<\/p>\n<p><em>Kletter<\/em>, Die &#8220;Vier Freiheiten&#8221; des Binnenmarktes, Seminarunterlage f\u00fcr Anwaltsakademie (2000)<\/p>\n<p><em>Kletter<\/em>, Die Warenverkehrsfreiheit, Seminarunterlage f\u00fcr Anwaltsakademie (1999)<\/p>\n<p><em>Kletter<\/em>, EU-F\u00f6rderprojekte, Brosch\u00fcre erstellt f\u00fcr die Fachverb\u00e4nde der Elektro und Eletronikindustrie, der metallverarbeitenden Industrie und der Maschinen- und Stahlbauindustrie (1999)<\/p>\n<p><em>Kletter<\/em>, Die neue Verfahrensverordnung im Beihilfenrecht, ELR 6\/1999<\/p>\n<p><em>Kletter<\/em>, Anwendung des gesetzlichen Zinssatzes &#8211; Verhalten eines privaten Investors ELR 5\/1999<\/p>\n<p><em>Kletter<\/em>, Die individuelle Betroffenheit bei der Nichtigkeitsklage in Beihilfesachen, ELR 3\/1999<\/p>\n<p><em>Kletter<\/em>, Beihilfen im Stahlsektor &#8211; Verhalten eines privaten Investors, ELR 2\/1999<\/p>\n<p><em>Kletter<\/em>, Beihilfenbegriff II, Regional unterschiedliche Sozialversicherungsbeitr\u00e4ge, ELR 1\/1999<\/p>\n<p><em>Kletter<\/em>, Beihilfenbegriff I, Verg\u00fcnstigungen gegen\u00fcber dem allgemeinen Konkursverfahren, ELR 1\/1999<\/p>\n<p><em>Kletter<\/em>, Ermessensspielraum der Kommission bei der \u00dcberschreitung von Positiventscheidungen mit Auflagen, ELR 12\/1998<\/p>\n<p><em>Kletter<\/em>, Verurteilung der Kommission wegen Unt\u00e4tigkeit im Vorpr\u00fcfungsverfahren, ELR 12\/1998<\/p>\n<p><em>Kletter<\/em>, Verj\u00e4hrungsfrist f\u00fcr die R\u00fcckforderung von Beihilfen, ELR 12\/1998<\/p>\n<p><em>Kletter<\/em>, Beginn des Fristenlaufs im Nichtigkeitsverfahren, ELR 12\/1998<\/p>\n<\/div>\n<\/div>\n<\/div><\/section><br \/>\n\n<style type=\"text\/css\" data-created_by=\"avia_inline_auto\" id=\"style-css-av-av_heading-727c390cfdce85a9005e6a2f1d963ae2\">\n#top .av-special-heading.av-av_heading-727c390cfdce85a9005e6a2f1d963ae2{\npadding-bottom:10px;\n}\nbody .av-special-heading.av-av_heading-727c390cfdce85a9005e6a2f1d963ae2 .av-special-heading-tag .heading-char{\nfont-size:25px;\n}\n.av-special-heading.av-av_heading-727c390cfdce85a9005e6a2f1d963ae2 .av-subheading{\nfont-size:15px;\n}\n<\/style>\n<div  class='av-special-heading av-av_heading-727c390cfdce85a9005e6a2f1d963ae2 av-special-heading-h3  avia-builder-el-11  el_after_av_textblock  el_before_av_textblock '><h3 class='av-special-heading-tag'  itemprop=\"headline\"  >Public Law<\/h3><div class=\"special-heading-border\"><div class=\"special-heading-inner-border\"><\/div><\/div><\/div><br \/>\n<section  class='av_textblock_section av-av_textblock-0366cc7376be6c9e82a3e9cc8987b64f '   itemscope=\"itemscope\" itemtype=\"https:\/\/schema.org\/CreativeWork\" ><div class='avia_textblock'  itemprop=\"text\" ><div class=\"main\" style=\"text-align: left;\">\n<div class=\"main\" style=\"text-align: left;\">\n<p><em>Kletter<\/em>, Die Finanzierung des ORF mittels Programmentgelten, MuR 4\/2001<\/p>\n<p><em>Hausmaninger<\/em>, Extraterritoriale Anwendung US-amerikanischer Rechtsvorschriften nach der neuesten Supreme-Court-Entscheidung Boureslan v. Aramco (mit Gary B. Born), 12 IPRax 192 (1992)<\/p>\n<p><em>Hausmaninger<\/em>, Legal Aspects of East and West Germany&#8217;s Relationship with the European Economic Community after the Collapse of the Berlin Wall (mit F. Tschofen), 31 Harvard International Law Journal 647 (1990)<\/p>\n<\/div>\n<\/div>\n<\/div><\/section><br \/>\n\n<style type=\"text\/css\" data-created_by=\"avia_inline_auto\" id=\"style-css-av-av_heading-f730d4644fd1047237132d6c722ca5b1\">\n#top .av-special-heading.av-av_heading-f730d4644fd1047237132d6c722ca5b1{\npadding-bottom:10px;\n}\nbody .av-special-heading.av-av_heading-f730d4644fd1047237132d6c722ca5b1 .av-special-heading-tag .heading-char{\nfont-size:25px;\n}\n.av-special-heading.av-av_heading-f730d4644fd1047237132d6c722ca5b1 .av-subheading{\nfont-size:15px;\n}\n<\/style>\n<div  class='av-special-heading av-av_heading-f730d4644fd1047237132d6c722ca5b1 av-special-heading-h3  avia-builder-el-13  el_after_av_textblock  el_before_av_textblock '><h3 class='av-special-heading-tag'  itemprop=\"headline\"  >Arbitration and general procedural law<\/h3><div class=\"special-heading-border\"><div class=\"special-heading-inner-border\"><\/div><\/div><\/div><br \/>\n<section  class='av_textblock_section av-av_textblock-0366cc7376be6c9e82a3e9cc8987b64f '   itemscope=\"itemscope\" itemtype=\"https:\/\/schema.org\/CreativeWork\" ><div class='avia_textblock'  itemprop=\"text\" ><div class=\"main\" style=\"text-align: left;\">\n<div class=\"main\" style=\"text-align: left;\">\n<p>Hausmaninger, Die Auslegung von Schiedsspr\u00fcchen durch staatliche Gerichte<em> [The interpretation of arbitral awards by national courts], ecolex 2017, 318-322.<\/em><\/p>\n<p><em>Hausmaninger<\/em>, \u00dcberraschungsentscheidung kein Aufhebungsgrund [<em>Surprise decision no reason to challenge an award<\/em>], ecolex 2016, 486-489.<\/p>\n<p><em>Hausmaninger<\/em>, Gesetzliche Rechtsschutzdefizite bei Vorliegen pathologischer Streitbeilegungsklauseln in Statuten? Dargestellt anhand der rezenten OGH-Entscheidung 3 Ob 24\/125y. Die GmbH \u2013 Festschrift f\u00fcr Hans-Georg Koppensteiner zum 80. Geburtstag) [<em>Legal protection deficiencies in case of pathological dispute resolution clauses in statutes? Presented by the recent OGH decision 3 Ob 24 \/ 125y: The GmbH &#8211; Commemorative for Hans-Georg Koppensteiner on the 80th birthday<\/em>] (2016), 143-154.<\/p>\n<p><em>Hausmaninger<\/em>, Austausch nicht unterzeichneter Schreiben bewirkt g\u00fcltige Schiedsvereinbarung [<em>The <\/em>exchange<em> of unsigned letters results in a valid arbitration agreement<\/em>] ecolex 2016, 44-46.<\/p>\n<p><em>Hausmaninger<\/em>, Geltendmachung von nach Erlass des Schiedsspruchs bekannt gewordenen Ablehnungsgr\u00fcnden des Schiedsrichters im Aufhebungs- oder Vollstreckbarer-kl\u00e4rungsverfahren? Ein Rechtsvergleich [<em>Enforcement in annulment or enforcement proceedings of grounds for challenging arbitrators emerging only after the issuing of the award? <\/em><em>A Comparative Study<\/em>], FS f\u00fcr Johannes Reich-Rohrwig (2014), 281-292.<\/p>\n<p><em>Spani\/Loksa<\/em>, Anmerkung zum OGH-Urteil\u00a014 Os 43\/13z vom 1.10.2013 (Klarstellung zur Reichweite des Ablehnungsrechts nach \u00a7 107 Abs 3 zweiter Satz StPO), \u00d6JZ EvBl 2014\/13 (84f)<\/p>\n<p><em>Hausmaninger<\/em>, Die Auslegung pathologischer Schiedsvereinbarungen in \u00d6sterreich, Deutschland und der Schweiz &#8211; ein Rechtsvergleich, in Schumacher\/Zimmermann (Hrsg), FS f\u00fcr Gert Delle Karth, S 375-389 (2013)<\/p>\n<p><em>Hausmaninger<\/em>, Auflockerung der Formerfordernisse f\u00fcr die Anerkennung und Vollstreckung ausl\u00e4ndischer Schiedsspr\u00fcche [<em>Loosening of formal requirements for the recognition and enforcement of foreign awards<\/em>], ecolex 2012, 220.<\/p>\n<p><em>Hausmaninger<\/em>, Arbitration in Austria, in Wegen\/Wilske (eds), Arbitration in 55 jurisdictions worldwide (together with M. Herzer, 2011).<\/p>\n<p><em>Hausmaninger\/Thun-Hohenstein<\/em>, Syndikatsvertr\u00e4ge, notwendige Streitgenossenschaft und Schiedsverfahren (ecolex 7\/2011)<\/p>\n<p><em>Hausmaninger<\/em>, \u00a7\u00a7 577-618 ZPO, in Fasching\/Konecny (Hrsg), Kommentar zu den Zivilproze\u00dfgesetzen, 2. Auflage\u00a0(2007)<\/p>\n<p><em>Hausmaninger\/Herzer<\/em>, Getting the Deal Through, A Global Arbitration Review, Austrian chapter<\/p>\n<p><em>Hausmaninger<\/em>, Arbitration in Austria, in: Global Legal Group (ed), International Arbitration 2004, 51-57.<\/p>\n<p><em>Hausmaninger\/Stippl<\/em>, Art XII EGZPO, in Fasching\/Konecny (Hrsg), Kommentar zu den Zivilproze\u00dfgesetzen, 2. Auflage\u00a0(2002)<\/p>\n<p><em>Hausmaninger<\/em>, Internationale Schiedsgerichtsbarkeit, in Seidl-Hohenveldern (Hrsg), Lexikon des Rechts\u00a0&#8211; V\u00f6lkerrecht, 3. Auflage\u00a0\u00a0(2001)<\/p>\n<p><em>Hausmaninger<\/em>, Rights and Obligations of the Arbitrator with Regard to the Parties and the Arbitral Institution &#8211; A Civil Law Viewpoint, ICC International Court of Arbitration Bulletin Special Supplement (1995) 36<\/p>\n<p><em>Hausmaninger<\/em>, The ICC Rules for a Pre-Arbitral Referee Procedure:\u00a0A Step Towards Solving the Problem of Provisional Relief in International Commercial Arbitration? 8(1) ICSID Review-Foreign Investment Law Journal 82 (1992)<\/p>\n<p><em>Hausmaninger<\/em>, Assignment of Rights and Agreement to Arbitrate (mit D. Girsberger), 8(2) Arbitration International 121 (1992)<\/p>\n<p><em>Hausmaninger<\/em>, The Immunity of Arbitrators, Besprechungsabhandlung, 6(2) ICSID Review &#8211; Foreign Investment Law Journal 601 (1991)<\/p>\n<p>Hausmaninger, Civil Liability of Arbitrators &#8211; Comparative Analysis and Proposals for Reform, 7(4) Journal of International Arbitration 7 (1990)<\/p>\n<p><em>Hausmaninger<\/em>, Die Beeintr\u00e4chtigung Dritter durch einstweilige Verf\u00fcgungen, JBI (1990) 160<\/p>\n<p><em>Hausmaninger<\/em>, Die einstweilige Verf\u00fcgung im schiedsgerichtlichen Verfahren (1989)<\/p>\n<\/div>\n<\/div>\n<\/div><\/section><br \/>\n\n<style type=\"text\/css\" data-created_by=\"avia_inline_auto\" id=\"style-css-av-av_heading-800f3687a070216579b03e9afeb8d14b\">\n#top .av-special-heading.av-av_heading-800f3687a070216579b03e9afeb8d14b{\npadding-bottom:10px;\n}\nbody .av-special-heading.av-av_heading-800f3687a070216579b03e9afeb8d14b .av-special-heading-tag .heading-char{\nfont-size:25px;\n}\n.av-special-heading.av-av_heading-800f3687a070216579b03e9afeb8d14b .av-subheading{\nfont-size:15px;\n}\n<\/style>\n<div  class='av-special-heading av-av_heading-800f3687a070216579b03e9afeb8d14b av-special-heading-h3  avia-builder-el-15  el_after_av_textblock  el_before_av_textblock '><h3 class='av-special-heading-tag'  itemprop=\"headline\"  >Civil Law<\/h3><div class=\"special-heading-border\"><div class=\"special-heading-inner-border\"><\/div><\/div><\/div><br \/>\n<section  class='av_textblock_section av-av_textblock-0366cc7376be6c9e82a3e9cc8987b64f '   itemscope=\"itemscope\" itemtype=\"https:\/\/schema.org\/CreativeWork\" ><div class='avia_textblock'  itemprop=\"text\" ><div class=\"main\" style=\"text-align: left;\">\n<div class=\"main\" style=\"text-align: left;\">\n<p><em>Kletter\/H\u00f6ltl<\/em>, Die Zul\u00e4ssigkeit der einj\u00e4hrigen K\u00fcndigungsfrist im Kfz-Vertrieb, ecolex 11\/2006<\/p>\n<p><em>Hausmaninger<\/em>, International Product Liability in Austria, in <em>Fowler<\/em> (ed), International Product Liability Law 53-70 (together with <em>Ch. <\/em><em>Stippl<\/em>, Aspatore 2004).<\/p>\n<p><em>Leitner<\/em>, Das Chapter 11-Reorganisationsverfahren des US-Amerikanischen Bankruptcy-Codes aus \u00f6sterreichischer Sicht, ZIK (1995) 113<\/p>\n<p><em>Leitner<\/em>, Der grenz\u00fcberschreitende Konkurs (1995)<\/p>\n<\/div>\n<\/div>\n<\/div><\/section><\/p><\/div>\n","protected":false},"excerpt":{"rendered":"","protected":false},"author":1,"featured_media":0,"parent":0,"menu_order":0,"comment_status":"closed","ping_status":"closed","template":"","meta":{"footnotes":""},"class_list":["post-411","page","type-page","status-publish","hentry"],"_links":{"self":[{"href":"https:\/\/www.hausmaninger-kletter.com\/en\/wp-json\/wp\/v2\/pages\/411","targetHints":{"allow":["GET"]}}],"collection":[{"href":"https:\/\/www.hausmaninger-kletter.com\/en\/wp-json\/wp\/v2\/pages"}],"about":[{"href":"https:\/\/www.hausmaninger-kletter.com\/en\/wp-json\/wp\/v2\/types\/page"}],"author":[{"embeddable":true,"href":"https:\/\/www.hausmaninger-kletter.com\/en\/wp-json\/wp\/v2\/users\/1"}],"replies":[{"embeddable":true,"href":"https:\/\/www.hausmaninger-kletter.com\/en\/wp-json\/wp\/v2\/comments?post=411"}],"version-history":[{"count":44,"href":"https:\/\/www.hausmaninger-kletter.com\/en\/wp-json\/wp\/v2\/pages\/411\/revisions"}],"predecessor-version":[{"id":713,"href":"https:\/\/www.hausmaninger-kletter.com\/en\/wp-json\/wp\/v2\/pages\/411\/revisions\/713"}],"wp:attachment":[{"href":"https:\/\/www.hausmaninger-kletter.com\/en\/wp-json\/wp\/v2\/media?parent=411"}],"curies":[{"name":"wp","href":"https:\/\/api.w.org\/{rel}","templated":true}]}}